{"id":1063,"date":"2024-08-14T11:41:43","date_gmt":"2024-08-14T11:41:43","guid":{"rendered":"https:\/\/gramentheme.com\/wp\/xbuild\/?page_id=1063"},"modified":"2026-04-24T11:06:23","modified_gmt":"2026-04-24T11:06:23","slug":"hakkimizda","status":"publish","type":"page","link":"https:\/\/vigorous-roentgen.46-36-201-205.plesk.page\/hakkimizda\/","title":{"rendered":"Hakk\u0131m\u0131zda"},"content":{"rendered":"\t\t<div data-elementor-type=\"wp-page\" data-elementor-id=\"1063\" class=\"elementor elementor-1063\">\n\t\t\t\t<div class=\"elementor-element elementor-element-3a39e3c e-flex e-con-boxed e-con e-parent\" data-id=\"3a39e3c\" data-element_type=\"container\" data-e-type=\"container\">\n\t\t\t\t\t<div class=\"e-con-inner\">\n\t\t<div class=\"elementor-element elementor-element-95c58d4 e-con-full e-flex e-con e-child\" data-id=\"95c58d4\" data-element_type=\"container\" data-e-type=\"container\">\n\t\t\t\t<div class=\"elementor-element elementor-element-a352624 elementor-widget elementor-widget-image\" data-id=\"a352624\" data-element_type=\"widget\" data-e-type=\"widget\" data-widget_type=\"image.default\">\n\t\t\t\t\t\t\t\t\t\t\t\t\t\t\t<img fetchpriority=\"high\" decoding=\"async\" width=\"500\" height=\"500\" src=\"https:\/\/vigorous-roentgen.46-36-201-205.plesk.page\/wp-content\/uploads\/2026\/04\/Adsiz-tasarim-2.jpg\" class=\"attachment-large size-large wp-image-2145\" alt=\"\" srcset=\"https:\/\/vigorous-roentgen.46-36-201-205.plesk.page\/wp-content\/uploads\/2026\/04\/Adsiz-tasarim-2.jpg 500w, https:\/\/vigorous-roentgen.46-36-201-205.plesk.page\/wp-content\/uploads\/2026\/04\/Adsiz-tasarim-2-300x300.jpg 300w, https:\/\/vigorous-roentgen.46-36-201-205.plesk.page\/wp-content\/uploads\/2026\/04\/Adsiz-tasarim-2-150x150.jpg 150w\" sizes=\"(max-width: 500px) 100vw, 500px\" \/>\t\t\t\t\t\t\t\t\t\t\t\t\t\t\t<\/div>\n\t\t\t\t<\/div>\n\t\t<div class=\"elementor-element elementor-element-07b5454 e-con-full e-flex e-con e-child\" data-id=\"07b5454\" data-element_type=\"container\" data-e-type=\"container\">\n\t\t\t\t<div class=\"elementor-element elementor-element-02a970b elementor-widget elementor-widget-heading\" data-id=\"02a970b\" data-element_type=\"widget\" data-e-type=\"widget\" data-widget_type=\"heading.default\">\n\t\t\t\t\t<h2 class=\"elementor-heading-title elementor-size-default\">Uluka \u0130n\u015faat Hakk\u0131nda<\/h2>\t\t\t\t<\/div>\n\t\t\t\t<div class=\"elementor-element elementor-element-87bc45b elementor-widget elementor-widget-text-editor\" data-id=\"87bc45b\" data-element_type=\"widget\" data-e-type=\"widget\" data-widget_type=\"text-editor.default\">\n\t\t\t\t\t\t\t\t\t<p data-start=\"31\" data-end=\"347\"><span style=\"color: #000000;\">Uluka \u0130n\u015faat, ya\u015fam alanlar\u0131n\u0131 daha modern, estetik ve kullan\u0131\u015fl\u0131 hale getirmek amac\u0131yla kurulmu\u015f; tadilat, dekorasyon ve anahtar teslim projelerde uzmanla\u015fm\u0131\u015f bir in\u015faat firmas\u0131d\u0131r. Kuruldu\u011fumuz g\u00fcnden bu yana, kaliteli i\u015f\u00e7ilik ve g\u00fcvenilir hizmet anlay\u0131\u015f\u0131n\u0131 temel alarak m\u00fc\u015fterilerimize de\u011fer katmay\u0131 hedefliyoruz.<\/span><\/p><p data-start=\"349\" data-end=\"661\"><span style=\"color: #000000;\">Her projeye ayn\u0131 \u00f6zenle yakla\u015f\u0131r, ihtiya\u00e7lar\u0131 do\u011fru analiz ederek en do\u011fru ve uzun \u00f6m\u00fcrl\u00fc \u00e7\u00f6z\u00fcmleri sunar\u0131z. Mutfak ve banyo yenilemeden komple daire tadilat\u0131na, elektrik ve su tesisat\u0131ndan dekoratif uygulamalara kadar geni\u015f bir hizmet yelpazesiyle t\u00fcm s\u00fcre\u00e7leri tek \u00e7at\u0131 alt\u0131nda profesyonel \u015fekilde y\u00f6netiyoruz.<\/span><\/p><p data-start=\"663\" data-end=\"932\"><span style=\"color: #000000;\">Deneyimli ekibimiz ve g\u00fc\u00e7l\u00fc uygulama altyap\u0131m\u0131z sayesinde projeleri zaman\u0131nda, eksiksiz ve y\u00fcksek kalite standartlar\u0131nda tamaml\u0131yoruz. \u015eeffaf ileti\u015fim anlay\u0131\u015f\u0131m\u0131zla s\u00fcre\u00e7 boyunca m\u00fc\u015fterilerimizi d\u00fczenli olarak bilgilendiriyor, memnuniyeti her zaman \u00f6n planda tutuyoruz.<\/span><\/p><p data-start=\"934\" data-end=\"1171\"><span style=\"color: #000000;\">\u00d6zellikle \u0130stanbul\u2019da <strong data-start=\"956\" data-end=\"986\">Be\u015fikta\u015f, \u015ei\u015fli ve Sar\u0131yer<\/strong> ba\u015fta olmak \u00fczere bu b\u00f6lgelere ba\u011fl\u0131 t\u00fcm semtlerde aktif olarak hizmet vermekteyiz. B\u00f6lgeye hakimiyetimiz sayesinde h\u0131zl\u0131 ke\u015fif, do\u011fru planlama ve zaman\u0131nda teslim avantaj\u0131 sa\u011fl\u0131yoruz.<\/span><\/p><p data-start=\"1173\" data-end=\"1340\"><span style=\"color: #000000;\">Uluka \u0130n\u015faat olarak amac\u0131m\u0131z; sadece mekanlar\u0131 yenilemek de\u011fil, ya\u015fam kalitenizi art\u0131ran, de\u011fer kazand\u0131ran ve uzun y\u0131llar keyifle kullanaca\u011f\u0131n\u0131z alanlar olu\u015fturmakt\u0131r.<\/span><\/p><p data-start=\"1342\" data-end=\"1424\" data-is-last-node=\"\" data-is-only-node=\"\"><span style=\"color: #000000;\"><strong data-start=\"1342\" data-end=\"1424\" data-is-last-node=\"\">G\u00fcvenilir, kaliteli ve profesyonel bir tadilat deneyimi i\u00e7in do\u011fru yerdesiniz.<\/strong><\/span><\/p>\t\t\t\t\t\t\t\t<\/div>\n\t\t\t\t<\/div>\n\t\t\t\t\t<\/div>\n\t\t\t\t<\/div>\n\t\t<div class=\"elementor-element elementor-element-782dc9b e-flex e-con-boxed e-con e-parent\" data-id=\"782dc9b\" data-element_type=\"container\" data-e-type=\"container\">\n\t\t\t\t\t<div class=\"e-con-inner\">\n\t\t<div class=\"elementor-element elementor-element-5ff53d6 e-con-full e-flex e-con e-child\" data-id=\"5ff53d6\" data-element_type=\"container\" data-e-type=\"container\">\n\t\t\t\t<div class=\"elementor-element elementor-element-b95ecd5 elementor-widget elementor-widget-text-editor\" data-id=\"b95ecd5\" data-element_type=\"widget\" data-e-type=\"widget\" data-widget_type=\"text-editor.default\">\n\t\t\t\t\t\t\t\t\t<p style=\"text-align: center;\" data-start=\"0\" data-end=\"371\"><span style=\"color: #000000;\"><strong data-start=\"0\" data-end=\"14\">Misyonumuz<\/strong><\/span><br data-start=\"14\" data-end=\"17\" \/><span style=\"color: #000000;\"> Uluka \u0130n\u015faat olarak misyonumuz; m\u00fc\u015fterilerimizin ihtiya\u00e7 ve beklentilerini en do\u011fru \u015fekilde analiz ederek, kaliteli malzeme ve uzman i\u015f\u00e7ilikle estetik, fonksiyonel ve uzun \u00f6m\u00fcrl\u00fc ya\u015fam alanlar\u0131 olu\u015fturmakt\u0131r. T\u00fcm tadilat ve dekorasyon s\u00fcre\u00e7lerini \u015feffaf, planl\u0131 ve g\u00fcvenilir bir \u015fekilde y\u00f6neterek m\u00fc\u015fteri memnuniyetini en \u00fcst seviyede tutmay\u0131 hedefleriz.<\/span><\/p>\t\t\t\t\t\t\t\t<\/div>\n\t\t\t\t<\/div>\n\t\t<div class=\"elementor-element elementor-element-18bed61 e-con-full e-flex e-con e-child\" data-id=\"18bed61\" data-element_type=\"container\" data-e-type=\"container\">\n\t\t\t\t<div class=\"elementor-element elementor-element-c063a6e elementor-widget elementor-widget-text-editor\" data-id=\"c063a6e\" data-element_type=\"widget\" data-e-type=\"widget\" data-widget_type=\"text-editor.default\">\n\t\t\t\t\t\t\t\t\t<section class=\"text-token-text-primary w-full focus:outline-none [--shadow-height:45px] has-data-writing-block:pointer-events-none has-data-writing-block:-mt-(--shadow-height) has-data-writing-block:pt-(--shadow-height) [&amp;:has([data-writing-block])&gt;*]:pointer-events-auto [content-visibility:auto] supports-[content-visibility:auto]:[contain-intrinsic-size:auto_100lvh] R6Vx5W_threadScrollVars scroll-mb-[calc(var(--scroll-root-safe-area-inset-bottom,0px)+var(--thread-response-height))] scroll-mt-[calc(var(--header-height)+min(200px,max(70px,20svh)))]\" dir=\"auto\" data-turn-id=\"request-69eb2a53-cdbc-8326-94ad-141c6ebced45-4\" data-testid=\"conversation-turn-14\" data-scroll-anchor=\"false\" data-turn=\"assistant\"><div class=\"text-base my-auto mx-auto pb-10 [--thread-content-margin:var(--thread-content-margin-xs,calc(var(--spacing)*4))] @w-sm\/main:[--thread-content-margin:var(--thread-content-margin-sm,calc(var(--spacing)*6))] @w-lg\/main:[--thread-content-margin:var(--thread-content-margin-lg,calc(var(--spacing)*16))] px-(--thread-content-margin)\"><div class=\"[--thread-content-max-width:40rem] @w-lg\/main:[--thread-content-max-width:48rem] mx-auto max-w-(--thread-content-max-width) flex-1 group\/turn-messages focus-visible:outline-hidden relative flex w-full min-w-0 flex-col agent-turn\"><div class=\"flex max-w-full flex-col gap-4 grow\"><div class=\"min-h-8 text-message relative flex w-full flex-col items-end gap-2 text-start break-words whitespace-normal outline-none keyboard-focused:focus-ring [.text-message+&amp;]:mt-1\" dir=\"auto\" tabindex=\"0\" data-message-author-role=\"assistant\" data-message-id=\"1217110a-249a-4b69-b6be-af2897eed11c\" data-message-model-slug=\"gpt-5-3\" data-turn-start-message=\"true\"><div class=\"flex w-full flex-col gap-1 empty:hidden\"><div class=\"markdown prose dark:prose-invert w-full wrap-break-word dark markdown-new-styling\"><p style=\"text-align: center;\" data-start=\"378\" data-end=\"717\" data-is-last-node=\"\" data-is-only-node=\"\"><span style=\"color: #000000;\"><strong data-start=\"378\" data-end=\"392\">Vizyonumuz<\/strong><\/span><br data-start=\"392\" data-end=\"395\" \/><span style=\"color: #000000;\"> Tadilat ve dekorasyon sekt\u00f6r\u00fcnde kalite, g\u00fcven ve yenilik\u00e7i yakla\u015f\u0131m\u0131yla \u00f6ne \u00e7\u0131kan, tercih edilen ve referans g\u00f6sterilen bir marka olmak. S\u00fcrekli geli\u015fen yap\u0131 trendlerini yak\u0131ndan takip ederek, modern ve s\u00fcrd\u00fcr\u00fclebilir \u00e7\u00f6z\u00fcmler sunan, her projede fark yaratan bir firma olarak sekt\u00f6rde kal\u0131c\u0131 bir yer edinmeyi ama\u00e7l\u0131yoruz.<\/span><\/p><\/div><\/div><\/div><\/div><div class=\"z-0 flex min-h-[46px] justify-start\">\u00a0<\/div><\/div><\/div><\/section>\t\t\t\t\t\t\t\t<\/div>\n\t\t\t\t<\/div>\n\t\t\t\t\t<\/div>\n\t\t\t\t<\/div>\n\t\t<div class=\"elementor-element elementor-element-60a9e1c e-flex e-con-boxed e-con e-parent\" data-id=\"60a9e1c\" data-element_type=\"container\" data-e-type=\"container\">\n\t\t\t\t\t<div class=\"e-con-inner\">\n\t\t\t\t<div class=\"elementor-element elementor-element-b710230 elementor-widget elementor-widget-spacer\" data-id=\"b710230\" data-element_type=\"widget\" data-e-type=\"widget\" data-widget_type=\"spacer.default\">\n\t\t\t\t\t\t\t<div class=\"elementor-spacer\">\n\t\t\t<div class=\"elementor-spacer-inner\"><\/div>\n\t\t<\/div>\n\t\t\t\t\t\t<\/div>\n\t\t\t\t\t<\/div>\n\t\t\t\t<\/div>\n\t\t<div class=\"elementor-element elementor-element-b0a68bc e-flex e-con-boxed e-con e-parent\" data-id=\"b0a68bc\" data-element_type=\"container\" data-e-type=\"container\">\n\t\t\t\t\t<div class=\"e-con-inner\">\n\t\t<div class=\"elementor-element elementor-element-6b94f1a e-con-full e-flex e-con e-child\" data-id=\"6b94f1a\" data-element_type=\"container\" data-e-type=\"container\">\n\t\t<div class=\"elementor-element elementor-element-c7e0a97 e-con-full e-flex e-con e-child\" data-id=\"c7e0a97\" data-element_type=\"container\" data-e-type=\"container\" data-settings=\"{&quot;background_background&quot;:&quot;classic&quot;}\">\n\t\t<div class=\"elementor-element elementor-element-4bfc675 e-con-full e-flex e-con e-child\" data-id=\"4bfc675\" data-element_type=\"container\" data-e-type=\"container\">\n\t\t\t\t<div class=\"elementor-element elementor-element-df91403 elementor-widget elementor-widget-heading\" data-id=\"df91403\" data-element_type=\"widget\" data-e-type=\"widget\" data-widget_type=\"heading.default\">\n\t\t\t\t\t<h2 class=\"elementor-heading-title elementor-size-default\">Soru Sormak ve Bilgi Almak \u0130\u00e7in \u0130leti\u015fime Ge\u00e7in.<\/h2>\t\t\t\t<\/div>\n\t\t\t\t<div class=\"elementor-element elementor-element-245774e elementor-widget elementor-widget-konstic-theme-button-widget\" data-id=\"245774e\" data-element_type=\"widget\" data-e-type=\"widget\" data-widget_type=\"konstic-theme-button-widget.default\">\n\t\t\t\t<div class=\"elementor-widget-container\">\n\t\t\t\t\t\r\n\t\r\n\r\n    <a href=\"\/iletisim\" class=\"theme-btn bg-white\">\r\n\t\t\u0130leti\u015fim\t\t<i class=\"fa-regular fa-arrow-right\"><\/i>\r\n\t<\/a>\r\n\r\n\t\r\n\r\n             \r\n\t\t\t\t\t\t<\/div>\n\t\t\t\t<\/div>\n\t\t\t\t<\/div>\n\t\t<div class=\"elementor-element elementor-element-ad18eb8 e-con-full e-flex e-con e-child\" data-id=\"ad18eb8\" data-element_type=\"container\" data-e-type=\"container\">\n\t\t\t\t<div class=\"elementor-element elementor-element-b44f655 elementor-widget elementor-widget-image\" data-id=\"b44f655\" data-element_type=\"widget\" data-e-type=\"widget\" data-widget_type=\"image.default\">\n\t\t\t\t\t\t\t\t\t\t\t\t\t\t\t<img decoding=\"async\" width=\"212\" height=\"255\" src=\"https:\/\/vigorous-roentgen.46-36-201-205.plesk.page\/wp-content\/uploads\/2026\/04\/worker-1.png\" class=\"attachment-large size-large wp-image-2186\" alt=\"\" \/>\t\t\t\t\t\t\t\t\t\t\t\t\t\t\t<\/div>\n\t\t\t\t<\/div>\n\t\t\t\t<\/div>\n\t\t\t\t<\/div>\n\t\t\t\t\t<\/div>\n\t\t\t\t<\/div>\n\t\t\t\t<\/div>\n\t\t","protected":false},"excerpt":{"rendered":"<p>Uluka \u0130n\u015faat Hakk\u0131nda Uluka \u0130n\u015faat, ya\u015fam alanlar\u0131n\u0131 daha modern, estetik ve kullan\u0131\u015fl\u0131 hale getirmek amac\u0131yla kurulmu\u015f; tadilat, dekorasyon ve anahtar teslim projelerde uzmanla\u015fm\u0131\u015f bir in\u015faat firmas\u0131d\u0131r. Kuruldu\u011fumuz g\u00fcnden bu yana, kaliteli i\u015f\u00e7ilik ve g\u00fcvenilir hizmet anlay\u0131\u015f\u0131n\u0131 temel alarak m\u00fc\u015fterilerimize de\u011fer katmay\u0131 hedefliyoruz. Her projeye ayn\u0131 \u00f6zenle yakla\u015f\u0131r, ihtiya\u00e7lar\u0131 do\u011fru analiz ederek en do\u011fru ve uzun<\/p>\n","protected":false},"author":1,"featured_media":0,"parent":0,"menu_order":0,"comment_status":"closed","ping_status":"closed","template":"elementor_header_footer","meta":{"inline_featured_image":false,"_joinchat":[],"footnotes":""},"class_list":["post-1063","page","type-page","status-publish","hentry"],"_links":{"self":[{"href":"https:\/\/vigorous-roentgen.46-36-201-205.plesk.page\/wp-json\/wp\/v2\/pages\/1063","targetHints":{"allow":["GET"]}}],"collection":[{"href":"https:\/\/vigorous-roentgen.46-36-201-205.plesk.page\/wp-json\/wp\/v2\/pages"}],"about":[{"href":"https:\/\/vigorous-roentgen.46-36-201-205.plesk.page\/wp-json\/wp\/v2\/types\/page"}],"author":[{"embeddable":true,"href":"https:\/\/vigorous-roentgen.46-36-201-205.plesk.page\/wp-json\/wp\/v2\/users\/1"}],"replies":[{"embeddable":true,"href":"https:\/\/vigorous-roentgen.46-36-201-205.plesk.page\/wp-json\/wp\/v2\/comments?post=1063"}],"version-history":[{"count":5,"href":"https:\/\/vigorous-roentgen.46-36-201-205.plesk.page\/wp-json\/wp\/v2\/pages\/1063\/revisions"}],"predecessor-version":[{"id":2190,"href":"https:\/\/vigorous-roentgen.46-36-201-205.plesk.page\/wp-json\/wp\/v2\/pages\/1063\/revisions\/2190"}],"wp:attachment":[{"href":"https:\/\/vigorous-roentgen.46-36-201-205.plesk.page\/wp-json\/wp\/v2\/media?parent=1063"}],"curies":[{"name":"wp","href":"https:\/\/api.w.org\/{rel}","templated":true}]}}