{"id":1133,"date":"2024-08-14T13:42:22","date_gmt":"2024-08-14T13:42:22","guid":{"rendered":"https:\/\/gramentheme.com\/wp\/xbuild\/?page_id=1133"},"modified":"2026-04-24T11:43:41","modified_gmt":"2026-04-24T11:43:41","slug":"iletisim","status":"publish","type":"page","link":"https:\/\/vigorous-roentgen.46-36-201-205.plesk.page\/iletisim\/","title":{"rendered":"\u0130leti\u015fim"},"content":{"rendered":"\t\t<div data-elementor-type=\"wp-page\" data-elementor-id=\"1133\" class=\"elementor elementor-1133\">\n\t\t\t\t<div class=\"elementor-element elementor-element-4a37e46 e-flex e-con-boxed e-con e-parent\" data-id=\"4a37e46\" data-element_type=\"container\" data-e-type=\"container\" data-settings=\"{&quot;background_background&quot;:&quot;classic&quot;}\">\n\t\t\t\t\t<div class=\"e-con-inner\">\n\t\t\t\t<div class=\"elementor-element elementor-element-91161e5 elementor-widget elementor-widget-konstic-heading-title-widget\" data-id=\"91161e5\" data-element_type=\"widget\" data-e-type=\"widget\" data-widget_type=\"konstic-heading-title-widget.default\">\n\t\t\t\t<div class=\"elementor-widget-container\">\n\t\t\t\t\t\r\n\t\r\n\r\n<div class=\"section-title m-0\">\r\n\t<h6><i class=\"fa-sharp fa-solid fa-hammer me-2\"><\/i>\u0130leti\u015fim<\/h6>\r\n<\/div>\r\n\r\n\t\r\n\r\n             \r\n\t\t\t\t\t\t<\/div>\n\t\t\t\t<\/div>\n\t\t\t\t<div class=\"elementor-element elementor-element-74dfbcb elementor-widget elementor-widget-heading\" data-id=\"74dfbcb\" data-element_type=\"widget\" data-e-type=\"widget\" data-widget_type=\"heading.default\">\n\t\t\t\t\t<h2 class=\"elementor-heading-title elementor-size-default\">\u0130leti\u015fim Bilgilerimiz<\/h2>\t\t\t\t<\/div>\n\t\t<div class=\"elementor-element elementor-element-cf60e2f e-con-full e-flex e-con e-child\" data-id=\"cf60e2f\" data-element_type=\"container\" data-e-type=\"container\" data-settings=\"{&quot;background_background&quot;:&quot;classic&quot;}\">\n\t\t<div class=\"elementor-element elementor-element-3cd58fe e-con-full e-flex e-con e-child\" data-id=\"3cd58fe\" data-element_type=\"container\" data-e-type=\"container\" data-settings=\"{&quot;background_background&quot;:&quot;classic&quot;}\">\n\t\t<div class=\"elementor-element elementor-element-2ac4337 e-con-full e-flex e-con e-child\" data-id=\"2ac4337\" data-element_type=\"container\" data-e-type=\"container\">\n\t\t\t\t<div class=\"elementor-element elementor-element-6dba998 elementor-widget elementor-widget-image\" data-id=\"6dba998\" data-element_type=\"widget\" data-e-type=\"widget\" data-widget_type=\"image.default\">\n\t\t\t\t\t\t\t\t\t\t\t\t\t\t\t<img fetchpriority=\"high\" decoding=\"async\" width=\"740\" height=\"740\" src=\"https:\/\/vigorous-roentgen.46-36-201-205.plesk.page\/wp-content\/uploads\/2024\/08\/18-1.svg\" class=\"attachment-large size-large wp-image-1618\" alt=\"\" \/>\t\t\t\t\t\t\t\t\t\t\t\t\t\t\t<\/div>\n\t\t\t\t<\/div>\n\t\t<div class=\"elementor-element elementor-element-afda1f3 e-con-full e-flex e-con e-child\" data-id=\"afda1f3\" data-element_type=\"container\" data-e-type=\"container\">\n\t\t\t\t<div class=\"elementor-element elementor-element-6cc112a elementor-widget elementor-widget-heading\" data-id=\"6cc112a\" data-element_type=\"widget\" data-e-type=\"widget\" data-widget_type=\"heading.default\">\n\t\t\t\t\t<h4 class=\"elementor-heading-title elementor-size-default\">Adres<\/h4>\t\t\t\t<\/div>\n\t\t\t\t<div class=\"elementor-element elementor-element-2a6ca81 elementor-widget elementor-widget-heading\" data-id=\"2a6ca81\" data-element_type=\"widget\" data-e-type=\"widget\" data-widget_type=\"heading.default\">\n\t\t\t\t\t<p class=\"elementor-heading-title elementor-size-default\">Nisbetiye cd, Peker Sk. No:46, 34340 Be\u015fikta\u015f\/\u0130stanbul<\/p>\t\t\t\t<\/div>\n\t\t\t\t<\/div>\n\t\t\t\t<\/div>\n\t\t<div class=\"elementor-element elementor-element-adaaa4e e-con-full e-flex e-con e-child\" data-id=\"adaaa4e\" data-element_type=\"container\" data-e-type=\"container\" data-settings=\"{&quot;background_background&quot;:&quot;classic&quot;}\">\n\t\t<div class=\"elementor-element elementor-element-69350bd e-con-full e-flex e-con e-child\" data-id=\"69350bd\" data-element_type=\"container\" data-e-type=\"container\">\n\t\t\t\t<div class=\"elementor-element elementor-element-8c441c9 elementor-widget elementor-widget-image\" data-id=\"8c441c9\" data-element_type=\"widget\" data-e-type=\"widget\" data-widget_type=\"image.default\">\n\t\t\t\t\t\t\t\t\t\t\t\t\t\t\t<img decoding=\"async\" width=\"740\" height=\"451\" src=\"https:\/\/vigorous-roentgen.46-36-201-205.plesk.page\/wp-content\/uploads\/2024\/08\/19-1.svg\" class=\"attachment-large size-large wp-image-1617\" alt=\"\" \/>\t\t\t\t\t\t\t\t\t\t\t\t\t\t\t<\/div>\n\t\t\t\t<\/div>\n\t\t<div class=\"elementor-element elementor-element-08a693d e-con-full e-flex e-con e-child\" data-id=\"08a693d\" data-element_type=\"container\" data-e-type=\"container\">\n\t\t\t\t<div class=\"elementor-element elementor-element-f5ccb6e elementor-widget elementor-widget-heading\" data-id=\"f5ccb6e\" data-element_type=\"widget\" data-e-type=\"widget\" data-widget_type=\"heading.default\">\n\t\t\t\t\t<h4 class=\"elementor-heading-title elementor-size-default\">E-Posta<\/h4>\t\t\t\t<\/div>\n\t\t\t\t<div class=\"elementor-element elementor-element-8375bfc elementor-widget elementor-widget-heading\" data-id=\"8375bfc\" data-element_type=\"widget\" data-e-type=\"widget\" data-widget_type=\"heading.default\">\n\t\t\t\t\t<p class=\"elementor-heading-title elementor-size-default\"><a href=\"mailto:info@ulukainsaat.com\">Email: info@ulukainsaat.com<\/a><\/p>\t\t\t\t<\/div>\n\t\t\t\t<\/div>\n\t\t\t\t<\/div>\n\t\t<div class=\"elementor-element elementor-element-00d102a e-con-full e-flex e-con e-child\" data-id=\"00d102a\" data-element_type=\"container\" data-e-type=\"container\" data-settings=\"{&quot;background_background&quot;:&quot;classic&quot;}\">\n\t\t<div class=\"elementor-element elementor-element-286c9cb e-con-full e-flex e-con e-child\" data-id=\"286c9cb\" data-element_type=\"container\" data-e-type=\"container\">\n\t\t\t\t<div class=\"elementor-element elementor-element-bc946f2 elementor-widget elementor-widget-image\" data-id=\"bc946f2\" data-element_type=\"widget\" data-e-type=\"widget\" data-widget_type=\"image.default\">\n\t\t\t\t\t\t\t\t\t\t\t\t\t\t\t<img decoding=\"async\" width=\"740\" height=\"451\" src=\"https:\/\/vigorous-roentgen.46-36-201-205.plesk.page\/wp-content\/uploads\/2024\/08\/19-1.svg\" class=\"attachment-large size-large wp-image-1617\" alt=\"\" \/>\t\t\t\t\t\t\t\t\t\t\t\t\t\t\t<\/div>\n\t\t\t\t<\/div>\n\t\t<div class=\"elementor-element elementor-element-5977e79 e-con-full e-flex e-con e-child\" data-id=\"5977e79\" data-element_type=\"container\" data-e-type=\"container\">\n\t\t\t\t<div class=\"elementor-element elementor-element-b096a8a elementor-widget elementor-widget-heading\" data-id=\"b096a8a\" data-element_type=\"widget\" data-e-type=\"widget\" data-widget_type=\"heading.default\">\n\t\t\t\t\t<h4 class=\"elementor-heading-title elementor-size-default\">Telefon Numaras\u0131<\/h4>\t\t\t\t<\/div>\n\t\t\t\t<div class=\"elementor-element elementor-element-16aec43 elementor-widget elementor-widget-heading\" data-id=\"16aec43\" data-element_type=\"widget\" data-e-type=\"widget\" data-widget_type=\"heading.default\">\n\t\t\t\t\t<p class=\"elementor-heading-title elementor-size-default\"><a href=\"tel:05362438010\">Telefon: 05362438010<\/a><\/p>\t\t\t\t<\/div>\n\t\t\t\t<\/div>\n\t\t\t\t<\/div>\n\t\t\t\t<\/div>\n\t\t\t\t\t<\/div>\n\t\t\t\t<\/div>\n\t\t<div class=\"elementor-element elementor-element-a165f9b e-flex e-con-boxed e-con e-parent\" data-id=\"a165f9b\" data-element_type=\"container\" data-e-type=\"container\">\n\t\t\t\t\t<div class=\"e-con-inner\">\n\t\t<div class=\"elementor-element elementor-element-31c06d6 e-con-full e-flex e-con e-child\" data-id=\"31c06d6\" data-element_type=\"container\" data-e-type=\"container\">\n\t\t\t\t<div class=\"elementor-element elementor-element-67cf1c2 elementor-widget-tablet__width-initial elementor-widget elementor-widget-konstic-contact-form-widget\" data-id=\"67cf1c2\" data-element_type=\"widget\" data-e-type=\"widget\" data-widget_type=\"konstic-contact-form-widget.default\">\n\t\t\t\t<div class=\"elementor-widget-container\">\n\t\t\t\t\t\r\n\r\n   \t\t<section class=\"contact-section-22\">\r\n            <div class=\"container\">\r\n                <div class=\"contact-form-items\">\r\n                    <div class=\"title text-center\">\r\n                        <h2>Bize Ula\u015f\u0131n<\/h2>\r\n                    <\/div>\r\n\t\t\t\t\t\n<div class=\"wpcf7 no-js\" id=\"wpcf7-f1146-o1\" lang=\"en-US\" dir=\"ltr\" data-wpcf7-id=\"1146\">\n<div class=\"screen-reader-response\"><p role=\"status\" aria-live=\"polite\" aria-atomic=\"true\"><\/p> <ul><\/ul><\/div>\n<form action=\"\/index.php?rest_route=%2Fwp%2Fv2%2Fpages%2F1133#wpcf7-f1146-o1\" method=\"post\" class=\"wpcf7-form init\" aria-label=\"Contact form\" novalidate=\"novalidate\" data-status=\"init\">\n<fieldset class=\"hidden-fields-container\"><input type=\"hidden\" name=\"_wpcf7\" value=\"1146\" \/><input type=\"hidden\" name=\"_wpcf7_version\" value=\"6.1.5\" \/><input type=\"hidden\" name=\"_wpcf7_locale\" value=\"en_US\" \/><input type=\"hidden\" name=\"_wpcf7_unit_tag\" value=\"wpcf7-f1146-o1\" \/><input type=\"hidden\" name=\"_wpcf7_container_post\" value=\"0\" \/><input type=\"hidden\" name=\"_wpcf7_posted_data_hash\" value=\"\" \/>\n<\/fieldset>\n<div class=\"row g-4\">\n    <div class=\"col-lg-6 wow fadeInUp\">\n        <div class=\"form-clt\">\n            <span class=\"wpcf7-form-control-wrap\" data-name=\"text-437\"><input size=\"40\" maxlength=\"400\" class=\"wpcf7-form-control wpcf7-text\" aria-invalid=\"false\" placeholder=\"Ad\u0131n\u0131z\" value=\"\" type=\"text\" name=\"text-437\" \/><\/span>\n            <div class=\"icon\">\n                <i class=\"fa-regular fa-user\"><\/i>\n            <\/div>\n        <\/div>\n    <\/div>\n    <div class=\"col-lg-6 wow fadeInUp\">\n        <div class=\"form-clt\">\n            <span class=\"wpcf7-form-control-wrap\" data-name=\"text-462\"><input size=\"40\" maxlength=\"400\" class=\"wpcf7-form-control wpcf7-text\" aria-invalid=\"false\" placeholder=\"Soyad\u0131n\u0131z\" value=\"\" type=\"text\" name=\"text-462\" \/><\/span>\n            <div class=\"icon\">\n                <i class=\"fa-regular fa-user\"><\/i>\n            <\/div>\n        <\/div>\n    <\/div>\n    <div class=\"col-lg-6 wow fadeInUp\">\n        <div class=\"form-clt\">\n            <span class=\"wpcf7-form-control-wrap\" data-name=\"tel-478\"><input size=\"40\" maxlength=\"400\" class=\"wpcf7-form-control wpcf7-tel wpcf7-text wpcf7-validates-as-tel\" aria-invalid=\"false\" placeholder=\"Telefon Numaras\u0131\" value=\"\" type=\"tel\" name=\"tel-478\" \/><\/span>\n            <div class=\"icon\">\n                <i class=\"fa-regular fa-phone\"><\/i>\n            <\/div>\n        <\/div>\n    <\/div>\n    <div class=\"col-lg-6 wow fadeInUp\">\n        <div class=\"form-clt\">\n            <span class=\"wpcf7-form-control-wrap\" data-name=\"email-879\"><input size=\"40\" maxlength=\"400\" class=\"wpcf7-form-control wpcf7-email wpcf7-validates-as-required wpcf7-text wpcf7-validates-as-email\" aria-required=\"true\" aria-invalid=\"false\" placeholder=\"Email\" value=\"\" type=\"email\" name=\"email-879\" \/><\/span>\n            <div class=\"icon\">\n                <i class=\"fa-regular fa-envelope\"><\/i>\n            <\/div>\n        <\/div>\n    <\/div>\n    <div class=\"col-lg-12 wow fadeInUp\">\n        <div class=\"form-clt\">\n            <span class=\"wpcf7-form-control-wrap\" data-name=\"textarea-515\"><textarea cols=\"40\" rows=\"10\" maxlength=\"2000\" class=\"wpcf7-form-control wpcf7-textarea\" aria-invalid=\"false\" placeholder=\"Size nas\u0131l yard\u0131mc\u0131 olabiliriz?\" name=\"textarea-515\"><\/textarea><\/span>\n            <div class=\"icon\">\n                <i class=\"fa-sharp fa-light fa-pencil\"><\/i>\n            <\/div>\n        <\/div>\n    <\/div>\n    <div class=\"col-lg-12 wow fadeInUp\">\n        <button type=\"submit\" class=\"theme-btn w-100\">\n            G\u00f6nder!\n        <\/button>\n    <\/div>\n<\/div><div class=\"wpcf7-response-output\" aria-hidden=\"true\"><\/div>\n<\/form>\n<\/div>\n                <\/div>\r\n            <\/div>\r\n        <\/section>\r\n\t\r\n\r\n             \r\n\t\t\t\t\t\t<\/div>\n\t\t\t\t<\/div>\n\t\t\t\t<\/div>\n\t\t<div class=\"elementor-element elementor-element-722269c e-con-full e-flex e-con e-child\" data-id=\"722269c\" data-element_type=\"container\" data-e-type=\"container\">\n\t\t\t\t<div class=\"elementor-element elementor-element-10737a9 elementor-widget elementor-widget-google_maps\" data-id=\"10737a9\" data-element_type=\"widget\" data-e-type=\"widget\" data-widget_type=\"google_maps.default\">\n\t\t\t\t\t\t\t<div class=\"elementor-custom-embed\">\n\t\t\t<iframe loading=\"lazy\"\n\t\t\t\t\tsrc=\"https:\/\/maps.google.com\/maps?q=Nisbetiye%20cd%2C%20Peker%20Sk.%20No%3A46%2C%2034340%20Be%C5%9Fikta%C5%9F%2F%C4%B0stanbul&#038;t=m&#038;z=12&#038;output=embed&#038;iwloc=near\"\n\t\t\t\t\ttitle=\"Nisbetiye cd, Peker Sk. No:46, 34340 Be\u015fikta\u015f\/\u0130stanbul\"\n\t\t\t\t\taria-label=\"Nisbetiye cd, Peker Sk. No:46, 34340 Be\u015fikta\u015f\/\u0130stanbul\"\n\t\t\t><\/iframe>\n\t\t<\/div>\n\t\t\t\t\t\t<\/div>\n\t\t\t\t<\/div>\n\t\t\t\t\t<\/div>\n\t\t\t\t<\/div>\n\t\t\t\t<\/div>\n\t\t","protected":false},"excerpt":{"rendered":"<p>\u0130leti\u015fim \u0130leti\u015fim Bilgilerimiz Adres Nisbetiye cd, Peker Sk. No:46, 34340 Be\u015fikta\u015f\/\u0130stanbul E-Posta Email: info@ulukainsaat.com Telefon Numaras\u0131 Telefon: 05362438010 Bize Ula\u015f\u0131n SEND MESSAGE NOW<\/p>\n","protected":false},"author":1,"featured_media":0,"parent":0,"menu_order":0,"comment_status":"closed","ping_status":"closed","template":"elementor_header_footer","meta":{"inline_featured_image":false,"_joinchat":[],"footnotes":""},"class_list":["post-1133","page","type-page","status-publish","hentry"],"_links":{"self":[{"href":"https:\/\/vigorous-roentgen.46-36-201-205.plesk.page\/wp-json\/wp\/v2\/pages\/1133","targetHints":{"allow":["GET"]}}],"collection":[{"href":"https:\/\/vigorous-roentgen.46-36-201-205.plesk.page\/wp-json\/wp\/v2\/pages"}],"about":[{"href":"https:\/\/vigorous-roentgen.46-36-201-205.plesk.page\/wp-json\/wp\/v2\/types\/page"}],"author":[{"embeddable":true,"href":"https:\/\/vigorous-roentgen.46-36-201-205.plesk.page\/wp-json\/wp\/v2\/users\/1"}],"replies":[{"embeddable":true,"href":"https:\/\/vigorous-roentgen.46-36-201-205.plesk.page\/wp-json\/wp\/v2\/comments?post=1133"}],"version-history":[{"count":5,"href":"https:\/\/vigorous-roentgen.46-36-201-205.plesk.page\/wp-json\/wp\/v2\/pages\/1133\/revisions"}],"predecessor-version":[{"id":2279,"href":"https:\/\/vigorous-roentgen.46-36-201-205.plesk.page\/wp-json\/wp\/v2\/pages\/1133\/revisions\/2279"}],"wp:attachment":[{"href":"https:\/\/vigorous-roentgen.46-36-201-205.plesk.page\/wp-json\/wp\/v2\/media?parent=1133"}],"curies":[{"name":"wp","href":"https:\/\/api.w.org\/{rel}","templated":true}]}}